{"id":6445,"date":"2022-02-05T09:51:46","date_gmt":"2022-02-05T08:51:46","guid":{"rendered":"https:\/\/cipdonapea.educacion.navarra.es\/web\/?page_id=6445"},"modified":"2022-02-05T10:26:58","modified_gmt":"2022-02-05T09:26:58","slug":"orientacion-tras-terminar-el-ciclo-formativo","status":"publish","type":"page","link":"https:\/\/cipdonapea.educacion.navarra.es\/web\/orientacion-tras-terminar-el-ciclo-formativo\/","title":{"rendered":"Orientaci\u00f3n tras terminar el ciclo formativo"},"content":{"rendered":"\n<p>Informaci\u00f3n a modo de presentaciones sobre las posibilidades tras finalizar los estudios en el ciclo formativo que est\u00e1s cursando. <\/p>\n\n\n\n<p>Elige seg\u00fan lo que est\u00e1s cursando:<\/p>\n\n\n\n<div class=\"wp-container-3 wp-block-group\"><div class=\"wp-block-group__inner-container\">\n<div class=\"wp-container-2 wp-block-group\"><div class=\"wp-block-group__inner-container\">\n<div class=\"wp-container-1 wp-block-buttons\">\n<div class=\"wp-block-button aligncenter\"><a class=\"wp-block-button__link\" href=\"https:\/\/docs.google.com\/presentation\/d\/1W-U-yqehclhQBe5B2DKcEnrrPEKfWoU63FT31tJb8Qc\/copy\" target=\"_blank\" rel=\"noreferrer noopener\">GRADO MEDIO<\/a><\/div>\n\n\n\n<div class=\"wp-block-button\"><a class=\"wp-block-button__link\" href=\"https:\/\/docs.google.com\/presentation\/d\/1s7qSJWRSBxttSA7ibstSP4OEkNpglSgna2w3QY_rxsM\/copy\" target=\"_blank\" rel=\"noreferrer noopener\">GRADO SUPERIOR<\/a><\/div>\n<\/div>\n<\/div><\/div>\n<\/div><\/div>\n\n\n\n<p><\/p>\n","protected":false},"excerpt":{"rendered":"<p>Informaci\u00f3n a modo de presentaciones sobre las posibilidades tras finalizar los estudios en el ciclo formativo que est\u00e1s cursando. Elige seg\u00fan lo que est\u00e1s cursando:<\/p>\n","protected":false},"author":1,"featured_media":0,"parent":0,"menu_order":0,"comment_status":"closed","ping_status":"closed","template":"","meta":{"_genesis_hide_title":false,"_genesis_hide_breadcrumbs":false,"_genesis_hide_singular_image":false,"_genesis_hide_footer_widgets":false,"_genesis_custom_body_class":"","_genesis_custom_post_class":"","_genesis_layout":""},"_links":{"self":[{"href":"https:\/\/cipdonapea.educacion.navarra.es\/web\/wp-json\/wp\/v2\/pages\/6445"}],"collection":[{"href":"https:\/\/cipdonapea.educacion.navarra.es\/web\/wp-json\/wp\/v2\/pages"}],"about":[{"href":"https:\/\/cipdonapea.educacion.navarra.es\/web\/wp-json\/wp\/v2\/types\/page"}],"author":[{"embeddable":true,"href":"https:\/\/cipdonapea.educacion.navarra.es\/web\/wp-json\/wp\/v2\/users\/1"}],"replies":[{"embeddable":true,"href":"https:\/\/cipdonapea.educacion.navarra.es\/web\/wp-json\/wp\/v2\/comments?post=6445"}],"version-history":[{"count":5,"href":"https:\/\/cipdonapea.educacion.navarra.es\/web\/wp-json\/wp\/v2\/pages\/6445\/revisions"}],"predecessor-version":[{"id":6461,"href":"https:\/\/cipdonapea.educacion.navarra.es\/web\/wp-json\/wp\/v2\/pages\/6445\/revisions\/6461"}],"wp:attachment":[{"href":"https:\/\/cipdonapea.educacion.navarra.es\/web\/wp-json\/wp\/v2\/media?parent=6445"}],"curies":[{"name":"wp","href":"https:\/\/api.w.org\/{rel}","templated":true}]}}