{"id":5751,"date":"2021-10-10T11:53:28","date_gmt":"2021-10-10T09:53:28","guid":{"rendered":"https:\/\/cipdonapea.educacion.navarra.es\/web\/?page_id=5751"},"modified":"2026-03-27T10:00:21","modified_gmt":"2026-03-27T09:00:21","slug":"acreditacion-de-competencias-profesionales","status":"publish","type":"page","link":"https:\/\/cipdonapea.educacion.navarra.es\/web\/acreditacion-de-competencias-profesionales\/","title":{"rendered":"Acreditaci\u00f3n de Competencias Profesionales"},"content":{"rendered":"\n<h4>\u00bfQu\u00e9 es la Acreditaci\u00f3n de Competencias?<\/h4>\n\n\n\n<div class=\"wp-container-1 wp-block-group\"><div class=\"wp-block-group__inner-container\">\n<p>El procedimiento de evaluaci\u00f3n y acreditaci\u00f3n de competencias (PEAC) es un conjunto de actuaciones dirigidas a reconocer, evaluar y acreditar las competencias profesionales adquiridas mediante la experiencia laboral o por v\u00edas no formales de formaci\u00f3n. Este proceso va dirigido a trabajadores\/as que, a trav\u00e9s de su experiencia profesional han adquirido un \u201csaber hacer\u201d en una profesi\u00f3n y no tienen ning\u00fan documento oficial que lo certifique. <\/p>\n\n\n\n<p><strong>La finalidad de la ACP es<\/strong> evaluar las competencias profesionales que poseen las personas, acreditar oficialmente las competencias profesionales y facilitar a las personas el aprendizaje y el incremento de su cualificaci\u00f3n profesional a lo largo de la vida.<\/p>\n<\/div><\/div>\n\n\n\n<h4>Actuaciones en nuestro centro<\/h4>\n\n\n\n<p>En el CIP Donapea llevamos a cabo dos actuaciones que corresponden a dos fases distintas:<\/p>\n\n\n\n<ul class=\"has-text-color\" style=\"color:#151414\"><li><strong>Orientaci\u00f3n:<\/strong> Atendemos a las personas para explicarles y orientarles. Esta actuaci\u00f3n lleva a la solicitud de participaci\u00f3n con la intenci\u00f3n de que se le acredite en aquello que ha resultado de la orientaci\u00f3n. Esta tarea es vigente durante todo el a\u00f1o; no hay fechas. Horario de atenci\u00f3n: Martes de 12:00 a 14:00 y Jueves de 8:00 a 10:00.<\/li><li><strong>Procedimiento de Evaluaci\u00f3n y Acreditaci\u00f3n de Competencias (PEAC):<\/strong> El CIP Donapea es centro referente en las familias de Qu\u00edmica (QUI), Imagen y Sonido (IMS) y Transporte y Mantenimiento de Veh\u00edculos (TMV), en la rama electr\u00f3nica dentro de la familia Electricidad y Electr\u00f3nica (ELE). El Departamento de Educaci\u00f3n decide cu\u00e1ndo se abre el PEAC en el centro.<\/li><\/ul>\n\n\n\n<h5>PEACs en el CIP Donapea:<\/h5>\n\n\n\n<ul class=\"has-text-color\" style=\"color:#1a1919\"><li><strong>TMV<\/strong>: Entre marzo y mayo se est\u00e1 ejecutando un PEAC sobre Conducci\u00f3n Profesional y otro sobre Automoci\u00f3n. Este curso se han llevado a cabo 2 PEACs entre junio del 2025 y enero del 2026, justamente de las dos especialidades citadas anteriormente. Hemos resuelto un total de 8 PEACs entre 2022 y 2025.<\/li><li><strong>ELE:<\/strong> Entre marzo y mayo se est\u00e1 llevando a cabo un nuevo PEAC. En Donapea se han ejecutado 3 PEACs en total.<\/li><li><strong>QUI:<\/strong> Se han resuelto 2 PEACs entre junio y noviembre. En total se han llevado a cabo 3 PEACs en 2025.<\/li><li><strong>IMS:<\/strong> Se ha ejecutado un PEAC entre septiembre y noviembre.  En total se han resuelto 5 PEACs entre 2023 y 2025.<\/li><\/ul>\n\n\n\n<h4>Requisitos de participaci\u00f3n  <\/h4>\n\n\n\n<ol class=\"has-text-color\" style=\"color:#181616\"><li><strong>Nacionalidad <\/strong>espa\u00f1ola, o ciudadan\u00eda comunitaria o permiso de residencia.<\/li><li><strong>Edad m\u00ednima:<\/strong> Nivel I (FPB): 18 a\u00f1os \/ Nivel II (GM) y Nivel III (GS): 20 a\u00f1os<\/li><li><strong>Experiencia laboral <\/strong>(\u00faltimos 15 a\u00f1os): Nivel I: 2 a\u00f1os y 1200 horas \/ Nivel II y Nivel III: 3 a\u00f1os y 2000 horas <strong>y\/o formaci\u00f3n no formal <\/strong>(\u00faltimos 10 a\u00f1os).<strong>&nbsp;<\/strong><\/li><li><strong>Adicionales<\/strong> (si los hubiera).<\/li><\/ol>\n\n\n\n<h4>Enlaces de inter\u00e9s<\/h4>\n\n\n\n<figure class=\"wp-block-table\"><table><tbody><tr><td><strong>Informaci\u00f3n general sobre ACC &#8211; PEAC<\/strong><\/td><td><a href=\"https:\/\/www.educacion.navarra.es\/web\/dpto\/evaluacion-y-acreditacion-de-competencias\" target=\"_blank\" rel=\"noreferrer noopener\">Informaci\u00f3n general en Navarra.<\/a><br><a rel=\"noreferrer noopener\" href=\"https:\/\/www.todofp.es\/acreditacion-de-competencias.html\" target=\"_blank\">Informaci\u00f3n general en todoFP<\/a> (MEFP)<\/td><\/tr><tr><td><strong>Informaci\u00f3n sobre Cualificaciones Profesionales.<\/strong><\/td><td><a href=\"https:\/\/incual.educacion.gob.es\/administracion_cualificaciones\" target=\"_blank\" rel=\"noreferrer noopener\">Incual<\/a><\/td><\/tr><\/tbody><\/table><\/figure>\n\n\n\n<h3>Contacto<\/h3>\n\n\n\n<p>Para contactar, acude al Responsable de ACP (Unai Ijurko) llamando al n\u00ba de tel\u00e9fono 948198653 o escribiendo al correo cipdonapea-acredita@educacion.navarra.es<\/p>\n","protected":false},"excerpt":{"rendered":"<p>\u00bfQu\u00e9 es la Acreditaci\u00f3n de Competencias? El procedimiento de evaluaci\u00f3n y acreditaci\u00f3n de competencias (PEAC) es un conjunto de actuaciones dirigidas a reconocer, evaluar y acreditar las competencias profesionales adquiridas mediante la experiencia laboral o por v\u00edas no formales de formaci\u00f3n. Este proceso va dirigido a trabajadores\/as que, a trav\u00e9s de su experiencia profesional han [&hellip;]<\/p>\n","protected":false},"author":1,"featured_media":0,"parent":0,"menu_order":0,"comment_status":"closed","ping_status":"closed","template":"","meta":{"_genesis_hide_title":false,"_genesis_hide_breadcrumbs":false,"_genesis_hide_singular_image":false,"_genesis_hide_footer_widgets":false,"_genesis_custom_body_class":"","_genesis_custom_post_class":"","_genesis_layout":""},"_links":{"self":[{"href":"https:\/\/cipdonapea.educacion.navarra.es\/web\/wp-json\/wp\/v2\/pages\/5751"}],"collection":[{"href":"https:\/\/cipdonapea.educacion.navarra.es\/web\/wp-json\/wp\/v2\/pages"}],"about":[{"href":"https:\/\/cipdonapea.educacion.navarra.es\/web\/wp-json\/wp\/v2\/types\/page"}],"author":[{"embeddable":true,"href":"https:\/\/cipdonapea.educacion.navarra.es\/web\/wp-json\/wp\/v2\/users\/1"}],"replies":[{"embeddable":true,"href":"https:\/\/cipdonapea.educacion.navarra.es\/web\/wp-json\/wp\/v2\/comments?post=5751"}],"version-history":[{"count":46,"href":"https:\/\/cipdonapea.educacion.navarra.es\/web\/wp-json\/wp\/v2\/pages\/5751\/revisions"}],"predecessor-version":[{"id":12348,"href":"https:\/\/cipdonapea.educacion.navarra.es\/web\/wp-json\/wp\/v2\/pages\/5751\/revisions\/12348"}],"wp:attachment":[{"href":"https:\/\/cipdonapea.educacion.navarra.es\/web\/wp-json\/wp\/v2\/media?parent=5751"}],"curies":[{"name":"wp","href":"https:\/\/api.w.org\/{rel}","templated":true}]}}