{"id":3931,"date":"2020-03-27T16:34:15","date_gmt":"2020-03-27T16:34:15","guid":{"rendered":"https:\/\/cipdonapea.educacion.navarra.es\/web\/?page_id=3931"},"modified":"2020-04-02T17:21:59","modified_gmt":"2020-04-02T17:21:59","slug":"recomendaciones","status":"publish","type":"page","link":"https:\/\/cipdonapea.educacion.navarra.es\/web\/recomendaciones\/","title":{"rendered":"Recomendaciones"},"content":{"rendered":"\n<p>Te ofrecemos algunos documentos que pueden ser \u00fatiles para este periodo de suspensi\u00f3n de clases presenciales:<\/p>\n\n\n\n<p><strong><em>Alumnado:<\/em><\/strong>  <a rel=\"noreferrer noopener\" aria-label=\"Recomendaciones para estos d\u00edas (se abre en una nueva pesta\u00f1a)\" href=\"https:\/\/drive.google.com\/file\/d\/1zNAWL-98Kh6M1mIkDmRJCVqFH_rJVKQD\/view?usp=sharing\" target=\"_blank\">Recomendaciones para estos d\u00edas<\/a><\/p>\n\n\n\n<p><strong><em>Alumnado:<\/em><\/strong>  <a rel=\"noreferrer noopener\" aria-label=\"A qui\u00e9n puedes acudir si lo necesitas (se abre en una nueva pesta\u00f1a)\" href=\"https:\/\/drive.google.com\/open?id=1CH4XbYkBly3wzdLoj4ZYYIL7G8MRQiXj\" target=\"_blank\">A qui\u00e9n puedes acudir si lo necesitas<\/a><\/p>\n\n\n\n<p><strong><em>Familias:  <\/em><\/strong>  <a rel=\"noreferrer noopener\" aria-label=\"Correo enviado por Educa (se abre en una nueva pesta\u00f1a)\" href=\"https:\/\/drive.google.com\/open?id=1raKbIJqonS4gG-pZDY-ldtANZudIeQkv\" target=\"_blank\">Carta enviada a las familias<\/a><\/p>\n\n\n\n<p><strong><em>Profesorado:<\/em><\/strong> <em><a rel=\"noreferrer noopener\" href=\"https:\/\/copypcv.org\/web\/Descargas\/2020\/PROFESORADO.%20ORIENTACI%C3%93N%20Y%20CRITERIOS%20PEDAG%C3%93GICOS%20PARA%20LA%20EDUCACI%C3%93N%20NO%20PRESENCIAL.pdf\" target=\"_blank\">Orientaciones y criterios pedag\u00f3gico<\/a><a href=\"https:\/\/copypcv.org\/web\/Descargas\/2020\/PROFESORADO.%20ORIENTACI%C3%93N%20Y%20CRITERIOS%20PEDAG%C3%93GICOS%20PARA%20LA%20EDUCACI%C3%93N%20NO%20PRESENCIAL.pdf\" target=\"_blank\" rel=\"noreferrer noopener\">s<\/a><a rel=\"noreferrer noopener\" href=\"https:\/\/copypcv.org\/web\/Descargas\/2020\/PROFESORADO.%20ORIENTACI%C3%93N%20Y%20CRITERIOS%20PEDAG%C3%93GICOS%20PARA%20LA%20EDUCACI%C3%93N%20NO%20PRESENCIAL.pdf\" target=\"_blank\"> para la Educaci\u00f3n No Presencial_Covid 19<\/a><\/em><\/p>\n\n\n\n<p><strong><em>Profesorado: <\/em><\/strong> <em><a rel=\"noreferrer noopener\" aria-label=\"Recomendaciones para el profesorado: Prevenir los riesgos del &quot;Teletrabajo&quot; (se abre en una nueva pesta\u00f1a)\" href=\"https:\/\/drive.google.com\/open?id=1PJx2SCqS8tCpMUWM9HBd1vRV6LNtk6OS\" target=\"_blank\">Recomendaciones para prevenir los riesgos del \u00abTeletrabajo\u00bb<\/a><\/em><\/p>\n\n\n\n<p><strong><em>Profesorado: <\/em><\/strong>  <a href=\"https:\/\/drive.google.com\/open?id=1cSK79oyj5p_8Vz2p48ntVmPadMkGOeW_\" target=\"_blank\" rel=\"noreferrer noopener\" aria-label=\"Instrucciones del centro _ Covid 19 (se abre en una nueva pesta\u00f1a)\">Instrucciones del centro _ Covid 19<\/a><\/p>\n","protected":false},"excerpt":{"rendered":"<p>Te ofrecemos algunos documentos que pueden ser \u00fatiles para este periodo de suspensi\u00f3n de clases presenciales: Alumnado: Recomendaciones para estos d\u00edas Alumnado: A qui\u00e9n puedes acudir si lo necesitas Familias: Carta enviada a las familias Profesorado: Orientaciones y criterios pedag\u00f3gicos para la Educaci\u00f3n No Presencial_Covid 19 Profesorado: Recomendaciones para prevenir los riesgos del \u00abTeletrabajo\u00bb Profesorado: [&hellip;]<\/p>\n","protected":false},"author":22,"featured_media":0,"parent":0,"menu_order":0,"comment_status":"closed","ping_status":"closed","template":"","meta":{"_genesis_hide_title":false,"_genesis_hide_breadcrumbs":false,"_genesis_hide_singular_image":false,"_genesis_hide_footer_widgets":false,"_genesis_custom_body_class":"","_genesis_custom_post_class":"","_genesis_layout":""},"_links":{"self":[{"href":"https:\/\/cipdonapea.educacion.navarra.es\/web\/wp-json\/wp\/v2\/pages\/3931"}],"collection":[{"href":"https:\/\/cipdonapea.educacion.navarra.es\/web\/wp-json\/wp\/v2\/pages"}],"about":[{"href":"https:\/\/cipdonapea.educacion.navarra.es\/web\/wp-json\/wp\/v2\/types\/page"}],"author":[{"embeddable":true,"href":"https:\/\/cipdonapea.educacion.navarra.es\/web\/wp-json\/wp\/v2\/users\/22"}],"replies":[{"embeddable":true,"href":"https:\/\/cipdonapea.educacion.navarra.es\/web\/wp-json\/wp\/v2\/comments?post=3931"}],"version-history":[{"count":9,"href":"https:\/\/cipdonapea.educacion.navarra.es\/web\/wp-json\/wp\/v2\/pages\/3931\/revisions"}],"predecessor-version":[{"id":4007,"href":"https:\/\/cipdonapea.educacion.navarra.es\/web\/wp-json\/wp\/v2\/pages\/3931\/revisions\/4007"}],"wp:attachment":[{"href":"https:\/\/cipdonapea.educacion.navarra.es\/web\/wp-json\/wp\/v2\/media?parent=3931"}],"curies":[{"name":"wp","href":"https:\/\/api.w.org\/{rel}","templated":true}]}}