{"id":1232,"date":"2018-06-22T10:26:30","date_gmt":"2018-06-22T10:26:30","guid":{"rendered":"https:\/\/cipdonapea.educacion.navarra.es\/web\/?page_id=1232"},"modified":"2026-04-16T11:11:11","modified_gmt":"2026-04-16T09:11:11","slug":"zona-secretaria","status":"publish","type":"page","link":"https:\/\/cipdonapea.educacion.navarra.es\/web\/zona-secretaria\/","title":{"rendered":"Secretar\u00eda"},"content":{"rendered":"\n<p>En el email <strong><em> <a href=\"mailto:iesdonap@educacion.navarra.es\">iesdonap@educacion.navarra.es<\/a><\/em><\/strong>  se pueden realizar consultas sobre temas administrativos.<\/p>\n\n\n\n<p class=\"has-text-align-center has-vivid-red-color has-text-color has-medium-font-size\"><strong>Oficina cerrada las tardes del 20 al 30 de abril<\/strong><\/p>\n\n\n\n<div id=\"wrapper\">\n<div id=\"wrapper-inner\">\n<div class=\"wrapper-inner-tab\">\n<div class=\"wrapper-inner-tab-backgrounds\">\n\n<a href=\"https:\/\/cipdonapea.educacion.navarra.es\/web\/secretaria\/inscripcion-y-matricula\/\">\n<div class=\"wrapper-inner-tab-backgrounds-first\">\n<div class=\"sim-button button10\">Inscripci\u00f3n y Matr\u00edcula<\/div>\n<\/div><\/a>\n\n<a href=\"https:\/\/cipdonapea.educacion.navarra.es\/web\/becas\/\">\n<div class=\"wrapper-inner-tab-backgrounds-second\">\n<div class=\"sim-button button10\">Becas<\/div>\n<\/div><\/a>\n\n<a href=\"https:\/\/cipdonapea.educacion.navarra.es\/web\/secretaria\/titulos-y-certificaciones\/\">\n<div class=\"wrapper-inner-tab-backgrounds-third\">\n<div class=\"sim-button button10\">T\u00edtulos y Certificaciones<\/div>\n<\/div><\/a>\n\n<\/div>\n<\/div>\n\n<div class=\"wrapper-inner-tab\">\n<div class=\"wrapper-inner-tab-backgrounds\">\n\n<a anuladohref=\"\/\/docs.google.com\/spreadsheets\/d\/e\/2PACX-1vRtbEP7JyPiKFaWZ0ySdofoW_2gAsR0zq0B4pQ1SBMnqRlH91rS4j3gZDVIjuWvkOc2NEj8ZF-jqWNr\/pubhtml?gid=770970123\" target=\"_blank\" rel=\"noopener\">\n<div class=\"wrapper-inner-tab-backgrounds-first\">\n<div class=\"sim-button button10\">Descarga impresos matr\u00edcula<\/div>\n<\/div><\/a>\n\n<a href=\"https:\/\/cipdonapea.educacion.navarra.es\/web\/actualidad\/noticias\/solicitud-convalidacion-de-modulo\/\">\n<div class=\"wrapper-inner-tab-backgrounds-second\">\n<div class=\"sim-button button10\">Solicitud convalidaci\u00f3n m\u00f3dulo<\/div>\n<\/div><\/a>\n\n<a href=\"https:\/\/cipdonapea.educacion.navarra.es\/web\/secretaria\/otras-gestiones\/\">\n<div class=\"wrapper-inner-tab-backgrounds-third\">\n<div class=\"sim-button button10\">Otras gestiones<\/div>\n<\/div><\/a>\n\n\n<\/div>\n<\/div>\n<\/div>\n<\/div>\n\n\n\n<p><\/p>\n","protected":false},"excerpt":{"rendered":"<p>En el email iesdonap@educacion.navarra.es se pueden realizar consultas sobre temas administrativos. Oficina cerrada las tardes del 20 al 30 de abril Inscripci\u00f3n y Matr\u00edcula Becas T\u00edtulos y Certificaciones Descarga impresos matr\u00edcula Solicitud convalidaci\u00f3n m\u00f3dulo Otras gestiones<\/p>\n","protected":false},"author":1,"featured_media":0,"parent":0,"menu_order":0,"comment_status":"closed","ping_status":"closed","template":"","meta":{"_genesis_hide_title":false,"_genesis_hide_breadcrumbs":false,"_genesis_hide_singular_image":false,"_genesis_hide_footer_widgets":false,"_genesis_custom_body_class":"","_genesis_custom_post_class":"","_genesis_layout":""},"_links":{"self":[{"href":"https:\/\/cipdonapea.educacion.navarra.es\/web\/wp-json\/wp\/v2\/pages\/1232"}],"collection":[{"href":"https:\/\/cipdonapea.educacion.navarra.es\/web\/wp-json\/wp\/v2\/pages"}],"about":[{"href":"https:\/\/cipdonapea.educacion.navarra.es\/web\/wp-json\/wp\/v2\/types\/page"}],"author":[{"embeddable":true,"href":"https:\/\/cipdonapea.educacion.navarra.es\/web\/wp-json\/wp\/v2\/users\/1"}],"replies":[{"embeddable":true,"href":"https:\/\/cipdonapea.educacion.navarra.es\/web\/wp-json\/wp\/v2\/comments?post=1232"}],"version-history":[{"count":73,"href":"https:\/\/cipdonapea.educacion.navarra.es\/web\/wp-json\/wp\/v2\/pages\/1232\/revisions"}],"predecessor-version":[{"id":12428,"href":"https:\/\/cipdonapea.educacion.navarra.es\/web\/wp-json\/wp\/v2\/pages\/1232\/revisions\/12428"}],"wp:attachment":[{"href":"https:\/\/cipdonapea.educacion.navarra.es\/web\/wp-json\/wp\/v2\/media?parent=1232"}],"curies":[{"name":"wp","href":"https:\/\/api.w.org\/{rel}","templated":true}]}}