{"id":6992,"date":"2022-04-09T08:26:12","date_gmt":"2022-04-09T06:26:12","guid":{"rendered":"https:\/\/cipdonapea.educacion.navarra.es\/web\/bekak\/"},"modified":"2025-10-29T10:31:41","modified_gmt":"2025-10-29T09:31:41","slug":"bekak","status":"publish","type":"page","link":"https:\/\/cipdonapea.educacion.navarra.es\/web\/eu\/bekak\/","title":{"rendered":"BEKAK"},"content":{"rendered":"<h3 class=\"titular\">Convocatoria Becas MEC<\/h3>\n<h4>Beca general<\/h4>\n<p>El plazo de presentaci\u00f3n de solicitudes es\u00a0<b><u>del 19 de marzo al 30 de mayo<\/u><\/b>. Dichas solicitudes deber\u00e1n formalizarse\u00a0<b><u>de manera telem\u00e1tica<\/u><\/b> a trav\u00e9s de la p\u00e1gina del Ministerio. En los siguientes enlaces encontrar\u00e9is toda la informaci\u00f3n relativa a dicha convocatoria.<br \/>\n<a href=\"https:\/\/www.becaseducacion.gob.es\/becas-y-ayudas.html\">https:\/\/www.becaseducacion.gob.es\/becas-y-ayudas.html<\/a><\/p>\n<h4>Solicitud<\/h4>\n<p>Para cumplimentar la solicitud, primero hay que entrar en el acceso online y registrarse. Posteriormente se vuelve a acceder online (con la clave dada). Quien la ha solicitado en otros cursos, debe recordar o recuperar su clave. En principio, la entrega es telem\u00e1tica, salvo que el propio sistema pida m\u00e1s documentos a presentar.<\/p>\n<div class=\"tiny\">\n<h3 class=\"titular\">Convocatoria Departamento de Educaci\u00f3n de Navarra<\/h3>\n<p>La convocatoria y solicitud es posterior a las becas del MEC. Informaci\u00f3n: <a href=\"https:\/\/www.educacion.navarra.es\/web\/dpto\/becas-y-ayudas\">https:\/\/www.educacion.navarra.es\/web\/dpto\/becas-y-ayudas<\/a><\/p>\n<h4><strong>Tramitaci\u00f3n:<\/strong><\/h4>\n<p>El enlace se publicar\u00e1 cuando est\u00e9 disponible.<\/p>\n<h4><strong>Requisitos:<\/strong><\/h4>\n<ul>\n<li>Haber solicitado la beca del MEC.<\/li>\n<li>Econ\u00f3micos (ver baremos en la convocatoria).<\/li>\n<li>Haber promocionado de curso (con pendientes la cuant\u00eda es menor).<\/li>\n<\/ul>\n<h4><strong>Consultas Becas Gobierno de Navarra:<\/strong><\/h4>\n<ul>\n<li>848 42 65 38 &#8211; 848 42 65 41<\/li>\n<li>negociadodebecas@navarra.es<\/li>\n<\/ul>\n<\/div>\n","protected":false},"excerpt":{"rendered":"<p>Convocatoria Becas MEC Beca general El plazo de presentaci\u00f3n de solicitudes es\u00a0del 19 de marzo al 30 de mayo. Dichas solicitudes deber\u00e1n formalizarse\u00a0de manera telem\u00e1tica a trav\u00e9s de la p\u00e1gina del Ministerio. En los siguientes enlaces encontrar\u00e9is toda la informaci\u00f3n relativa a dicha convocatoria. https:\/\/www.becaseducacion.gob.es\/becas-y-ayudas.html Solicitud Para cumplimentar la solicitud, primero hay que entrar en [&hellip;]<\/p>\n","protected":false},"author":22,"featured_media":0,"parent":0,"menu_order":0,"comment_status":"closed","ping_status":"closed","template":"","meta":{"_genesis_hide_title":false,"_genesis_hide_breadcrumbs":false,"_genesis_hide_singular_image":false,"_genesis_hide_footer_widgets":false,"_genesis_custom_body_class":"","_genesis_custom_post_class":"","_genesis_layout":""},"_links":{"self":[{"href":"https:\/\/cipdonapea.educacion.navarra.es\/web\/eu\/wp-json\/wp\/v2\/pages\/6992"}],"collection":[{"href":"https:\/\/cipdonapea.educacion.navarra.es\/web\/eu\/wp-json\/wp\/v2\/pages"}],"about":[{"href":"https:\/\/cipdonapea.educacion.navarra.es\/web\/eu\/wp-json\/wp\/v2\/types\/page"}],"author":[{"embeddable":true,"href":"https:\/\/cipdonapea.educacion.navarra.es\/web\/eu\/wp-json\/wp\/v2\/users\/22"}],"replies":[{"embeddable":true,"href":"https:\/\/cipdonapea.educacion.navarra.es\/web\/eu\/wp-json\/wp\/v2\/comments?post=6992"}],"version-history":[{"count":6,"href":"https:\/\/cipdonapea.educacion.navarra.es\/web\/eu\/wp-json\/wp\/v2\/pages\/6992\/revisions"}],"predecessor-version":[{"id":12048,"href":"https:\/\/cipdonapea.educacion.navarra.es\/web\/eu\/wp-json\/wp\/v2\/pages\/6992\/revisions\/12048"}],"wp:attachment":[{"href":"https:\/\/cipdonapea.educacion.navarra.es\/web\/eu\/wp-json\/wp\/v2\/media?parent=6992"}],"curies":[{"name":"wp","href":"https:\/\/api.w.org\/{rel}","templated":true}]}}