{"id":3211,"date":"2018-06-22T09:43:56","date_gmt":"2018-06-22T09:43:56","guid":{"rendered":"https:\/\/cipdonapea.educacion.navarra.es\/web\/zona-alumnado\/"},"modified":"2022-03-09T18:03:14","modified_gmt":"2022-03-09T17:03:14","slug":"zona-alumnado","status":"publish","type":"page","link":"https:\/\/cipdonapea.educacion.navarra.es\/web\/en\/zona-alumnado\/","title":{"rendered":"Alumnado"},"content":{"rendered":"\n<div id=\"wrapper\">\n<div id=\"wrapper-inner\">\n\n<div class=\"wrapper-inner-tab\">\n<div class=\"wrapper-inner-tab-backgrounds\">\n\n<a href=\"https:\/\/cipdonapea.educacion.navarra.es\/web\/alumnado\/horario-de-clases\/\">\n<div class=\"wrapper-inner-tab-backgrounds-first\">\n<div class=\"sim-button button10\">Horario de clases<\/div>\n<\/div><\/a>\n\n<a href=\"https:\/\/cipdonapea.educacion.navarra.es\/web\/alumnado\/libros-de-texto-y-herramientas\/\">\n<div class=\"wrapper-inner-tab-backgrounds-second\">\n<div class=\"sim-button button10\">Libros de texto<\/div>\n<\/div><\/a>\n\n<a href=\"https:\/\/cipdonapea.educacion.navarra.es\/web\/alumnado\/atencion-tutorias\/\">\n<div class=\"wrapper-inner-tab-backgrounds-third\">\n<div class=\"sim-button button10\">Atenci\u00f3n tutor\u00edas<\/div>\n<\/div><\/a>\n<\/div>\n<\/div>\n\n<div class=\"wrapper-inner-tab\">\n<div class=\"wrapper-inner-tab-backgrounds\">\n\n<a href=\"https:\/\/cipdonapea.educacion.navarra.es\/web\/alumnado\/reglamento-de-convivencia\/\">\n<div class=\"wrapper-inner-tab-backgrounds-first\">\n<div class=\"sim-button button10\">Reglamento de convivencia<\/div>\n<\/div><\/a>\n\n<a href=\"https:\/\/cipdonapea.educacion.navarra.es\/web\/alumnado\/servicio-de-orientacion\/\">\n<div class=\"wrapper-inner-tab-backgrounds-second\">\n<div class=\"sim-button button10\">Departamento de Orientaci\u00f3n<\/div>\n<\/div><\/a>\n\n<a href=\"https:\/\/cipdonapea.educacion.navarra.es\/web\/alumnado\/becas-erasmus-plus\/\">\n<div class=\"wrapper-inner-tab-backgrounds-third\">\n<div class=\"sim-button button10\">Becas Erasmus +<\/div>\n<\/div><\/a>\n\n<\/div>\n<\/div>\n\n<div class=\"wrapper-inner-tab\">\n<div class=\"wrapper-inner-tab-backgrounds\">\n\n<a href=\"https:\/\/cipdonapea.educacion.navarra.es\/web\/alumnado\/bolsa-de-trabajo\/\">\n<div class=\"wrapper-inner-tab-backgrounds-first\">\n<div class=\"sim-button button10\">Bolsa de trabajo para el empleo<\/div>\n<\/div><\/a>\n\n<a href=\"https:\/\/sites.google.com\/a\/educacion.navarra.es\/acceso-ecuestas\/inicio-hasiera\">\n<div class=\"wrapper-inner-tab-backgrounds-third\">\n<div class=\"sim-button button10\">Formularios<\/div>\n<\/div><\/a>\n\n<a href=\"https:\/\/cipdonapea.educacion.navarra.es\/web\/secretaria\/como-recuperar-la-contrasena-educa\/\">\n<div class=\"wrapper-inner-tab-backgrounds-third\">\n<div class=\"sim-button button10\">Recuperar contrase\u00f1a Educa<\/div>\n<\/div><\/a>\n\n<\/div>\n<\/div>\n\n<div class=\"wrapper-inner-tab\">\n<div class=\"wrapper-inner-tab-backgrounds\">\n\n<a href=\"https:\/\/www.educacion.navarra.es\/web\/dpto\/normativafp\" target=\"_blank\" rel=\"noopener\">\n<div class=\"wrapper-inner-tab-backgrounds-first\">\n<div class=\"sim-button button10\">Normativa FP<\/div>\n<\/div><\/a>\n\n<\/div>\n<\/div>\n\n\n<\/div><\/div>\n","protected":false},"excerpt":{"rendered":"<p>Horario de clases Libros de texto Atenci\u00f3n tutor\u00edas Reglamento de convivencia Departamento de Orientaci\u00f3n Becas Erasmus + Bolsa de trabajo para el empleo Formularios Recuperar contrase\u00f1a Educa Normativa FP<\/p>\n","protected":false},"author":1,"featured_media":0,"parent":0,"menu_order":0,"comment_status":"closed","ping_status":"closed","template":"","meta":{"_genesis_hide_title":false,"_genesis_hide_breadcrumbs":false,"_genesis_hide_singular_image":false,"_genesis_hide_footer_widgets":false,"_genesis_custom_body_class":"","_genesis_custom_post_class":"","_genesis_layout":""},"_links":{"self":[{"href":"https:\/\/cipdonapea.educacion.navarra.es\/web\/en\/wp-json\/wp\/v2\/pages\/3211"}],"collection":[{"href":"https:\/\/cipdonapea.educacion.navarra.es\/web\/en\/wp-json\/wp\/v2\/pages"}],"about":[{"href":"https:\/\/cipdonapea.educacion.navarra.es\/web\/en\/wp-json\/wp\/v2\/types\/page"}],"author":[{"embeddable":true,"href":"https:\/\/cipdonapea.educacion.navarra.es\/web\/en\/wp-json\/wp\/v2\/users\/1"}],"replies":[{"embeddable":true,"href":"https:\/\/cipdonapea.educacion.navarra.es\/web\/en\/wp-json\/wp\/v2\/comments?post=3211"}],"version-history":[{"count":14,"href":"https:\/\/cipdonapea.educacion.navarra.es\/web\/en\/wp-json\/wp\/v2\/pages\/3211\/revisions"}],"predecessor-version":[{"id":6729,"href":"https:\/\/cipdonapea.educacion.navarra.es\/web\/en\/wp-json\/wp\/v2\/pages\/3211\/revisions\/6729"}],"wp:attachment":[{"href":"https:\/\/cipdonapea.educacion.navarra.es\/web\/en\/wp-json\/wp\/v2\/media?parent=3211"}],"curies":[{"name":"wp","href":"https:\/\/api.w.org\/{rel}","templated":true}]}}